{"id":8,"date":"2013-12-28T18:23:05","date_gmt":"2013-12-28T16:23:05","guid":{"rendered":"http:\/\/www.northalptrade.com\/?page_id=8"},"modified":"2018-05-25T01:40:36","modified_gmt":"2018-05-24T23:40:36","slug":"soho","status":"publish","type":"page","link":"https:\/\/www.northalptrade.com\/?page_id=8","title":{"rendered":"Small office"},"content":{"rendered":"<p align=\"justify\">Ihr small office ben\u00f6tigt einen schnellen Internetanschluss oder Sie wollen Ihre vorhandene IT einfach mal wieder der Zeit anpassen. Wir geben Ihnen Ratschl\u00e4ge und Empfehlungen bei kleineren Anschaffungen. Nat\u00fcrlich stehen wir Ihnen auch dabei zur Seite und versuchen Ihren allt\u00e4glichen Ablauf von der Informationsbeschaffung und -weitergabe bis hin zur Kommunikation zu ihren Partnern mittels Telefon, Fax, Internet, Voice over IP oder \u00e4hnlichen Techniken komfortabel und effektiv zu gestalten.<\/p>\n<p>Bei Fragen wenden Sie sich bitte via <a href=\"mailto:info@northalptrade.com\">Mail<\/a> an uns.<\/p>\n<p><img loading=\"lazy\" decoding=\"async\" class=\"aligncenter wp-image-112 size-large\" src=\"https:\/\/www.northalptrade.com\/wp-content\/uploads\/2018\/05\/Schieblehre02-1024x444.jpg\" alt=\"\" width=\"690\" height=\"299\" srcset=\"https:\/\/www.northalptrade.com\/wp-content\/uploads\/2018\/05\/Schieblehre02-1024x444.jpg 1024w, https:\/\/www.northalptrade.com\/wp-content\/uploads\/2018\/05\/Schieblehre02-300x130.jpg 300w, https:\/\/www.northalptrade.com\/wp-content\/uploads\/2018\/05\/Schieblehre02-768x333.jpg 768w\" sizes=\"(max-width: 690px) 100vw, 690px\" \/><\/p>\n","protected":false},"excerpt":{"rendered":"<p>Ihr small office ben\u00f6tigt einen schnellen Internetanschluss oder Sie wollen Ihre vorhandene IT einfach mal wieder der Zeit anpassen. Wir geben Ihnen Ratschl\u00e4ge und Empfehlungen bei kleineren Anschaffungen. Nat\u00fcrlich stehen <a class=\"more-link\" href=\"https:\/\/www.northalptrade.com\/?page_id=8\">Continue Reading &rarr;<\/a><\/p>\n","protected":false},"author":1,"featured_media":0,"parent":0,"menu_order":0,"comment_status":"closed","ping_status":"open","template":"","meta":{"footnotes":""},"_links":{"self":[{"href":"https:\/\/www.northalptrade.com\/index.php?rest_route=\/wp\/v2\/pages\/8"}],"collection":[{"href":"https:\/\/www.northalptrade.com\/index.php?rest_route=\/wp\/v2\/pages"}],"about":[{"href":"https:\/\/www.northalptrade.com\/index.php?rest_route=\/wp\/v2\/types\/page"}],"author":[{"embeddable":true,"href":"https:\/\/www.northalptrade.com\/index.php?rest_route=\/wp\/v2\/users\/1"}],"replies":[{"embeddable":true,"href":"https:\/\/www.northalptrade.com\/index.php?rest_route=%2Fwp%2Fv2%2Fcomments&post=8"}],"version-history":[{"count":13,"href":"https:\/\/www.northalptrade.com\/index.php?rest_route=\/wp\/v2\/pages\/8\/revisions"}],"predecessor-version":[{"id":116,"href":"https:\/\/www.northalptrade.com\/index.php?rest_route=\/wp\/v2\/pages\/8\/revisions\/116"}],"wp:attachment":[{"href":"https:\/\/www.northalptrade.com\/index.php?rest_route=%2Fwp%2Fv2%2Fmedia&parent=8"}],"curies":[{"name":"wp","href":"https:\/\/api.w.org\/{rel}","templated":true}]}}